{"id":43,"date":"2018-01-26T16:04:53","date_gmt":"2018-01-26T16:04:53","guid":{"rendered":"http:\/\/skiferien-felsberg.de\/?page_id=43"},"modified":"2023-08-18T12:19:17","modified_gmt":"2023-08-18T12:19:17","slug":"skigebiet","status":"publish","type":"page","link":"https:\/\/skiferien-felsberg.de\/en\/skigebiet\/","title":{"rendered":"Ski Area"},"content":{"rendered":"<!--themify_builder_content-->\n<div id=\"themify_builder_content-43\" data-postid=\"43\" class=\"themify_builder_content themify_builder_content-43 themify_builder tf_clear\">\n                    <div  data-lazy=\"1\" class=\"module_row themify_builder_row tb_wxcl569 tb_first tf_w\">\n                        <div class=\"row_inner col_align_top tb_col_count_1 tf_box tf_rel\">\n                        <div  data-lazy=\"1\" class=\"module_column tb-column col-full tb_8gq5570 first\">\n                    <!-- module text -->\n<div  class=\"module module-text tb_c5sg199\" data-lazy=\"1\">\n        <div  class=\"tb_text_wrap\">\n        <h1 style=\"text-align: center;\"><br \/>Santa Caterina Valfurva<\/h1>    <\/div>\n<\/div>\n<!-- \/module text -->        <\/div>\n                        <\/div>\n        <\/div>\n                        <div  data-lazy=\"1\" class=\"module_row themify_builder_row tb_ykcg856 tf_w\">\n                        <div class=\"row_inner col_align_top tb_col_count_2 tf_box tf_rel\">\n                        <div  data-lazy=\"1\" class=\"module_column tb-column col4-2 tb_0m22856 first\">\n                    <!-- module image -->\n<div  class=\"module module-image tb_8l2s66 image-top drop-shadow  tf_mw\" data-lazy=\"1\">\n        <div class=\"image-wrap tf_rel tf_mw\">\n            <img loading=\"lazy\" decoding=\"async\" width=\"2816\" height=\"2112\" src=\"https:\/\/skiferien-felsberg.de\/wp-content\/uploads\/2018\/02\/IMG_5188.jpg\" class=\"wp-post-image wp-image-628\" title=\"IMG_5188\" alt=\"IMG_5188\" srcset=\"https:\/\/skiferien-felsberg.de\/wp-content\/uploads\/2018\/02\/IMG_5188.jpg 2816w, https:\/\/skiferien-felsberg.de\/wp-content\/uploads\/2018\/02\/IMG_5188-300x225.jpg 300w, https:\/\/skiferien-felsberg.de\/wp-content\/uploads\/2018\/02\/IMG_5188-768x576.jpg 768w, https:\/\/skiferien-felsberg.de\/wp-content\/uploads\/2018\/02\/IMG_5188-1024x768.jpg 1024w, https:\/\/skiferien-felsberg.de\/wp-content\/uploads\/2018\/02\/IMG_5188-750x563.jpg 750w\" sizes=\"auto, (max-width: 2816px) 100vw, 2816px\" \/>    \n        <\/div>\n    <!-- \/image-wrap -->\n    \n        <\/div>\n<!-- \/module image -->        <\/div>\n                    <div  data-lazy=\"1\" class=\"module_column tb-column col4-2 tb_ecru196 last\">\n                    <!-- module text -->\n<div  class=\"module module-text tb_nvg7534\" data-lazy=\"1\">\n        <div  class=\"tb_text_wrap\">\n        <div class=\"entry-content\">\n<p>The idyllic town is situated on the south side of the Italian Alps in the province of Sondrio\/ Lombardy. The special weather conditions and a modern snowmaking system ensure snow from late November until late April. <strong>Schneesicherheit<\/strong> von Ende November bis sp\u00e4t in den April.<\/p>\n<p>The ski area has a World Cup downhill run, which on some days can even be skied at night under floodlights. <strong>Weltcup-Abfahrt<\/strong>, die an einigen Tagen sogar nachts bei Flutlicht befahren werden kann.<\/p>\n<p>The next larger town of Bormio, with its typical Italian old town can be reached free of charge by ski bus. In addition to various cozy cafes and diverse stores, there is the possibility to explore a different ski area with our ski pass. <strong>Skibus<\/strong> zu erreichen. Neben diversen gem\u00fctlichen Caf\u00e9s und vielf\u00e4ltigen Gesch\u00e4ften besteht die M\u00f6glichkeit mit unserem Skipass mal ein anderes Skigebiet zu erkunden.<\/p>\n<\/div>\n<p><!-- wp:themify-builder\/canvas \/--><\/p>    <\/div>\n<\/div>\n<!-- \/module text -->        <\/div>\n                        <\/div>\n        <\/div>\n        <\/div>\n<!--\/themify_builder_content-->","protected":false},"excerpt":{"rendered":"<p>Santa Caterina Valfurva<\/p>","protected":false},"author":1,"featured_media":0,"parent":0,"menu_order":0,"comment_status":"closed","ping_status":"closed","template":"","meta":{"site-sidebar-layout":"default","site-content-layout":"","ast-site-content-layout":"default","site-content-style":"default","site-sidebar-style":"default","ast-global-header-display":"","ast-banner-title-visibility":"","ast-main-header-display":"","ast-hfb-above-header-display":"","ast-hfb-below-header-display":"","ast-hfb-mobile-header-display":"","site-post-title":"disabled","ast-breadcrumbs-content":"","ast-featured-img":"","footer-sml-layout":"","ast-disable-related-posts":"","theme-transparent-header-meta":"","adv-header-id-meta":"","stick-header-meta":"","header-above-stick-meta":"","header-main-stick-meta":"","header-below-stick-meta":"","astra-migrate-meta-layouts":"set","ast-page-background-enabled":"default","ast-page-background-meta":{"desktop":{"background-color":"var(--ast-global-color-4)","background-image":"","background-repeat":"repeat","background-position":"center center","background-size":"auto","background-attachment":"scroll","background-type":"","background-media":"","overlay-type":"","overlay-color":"","overlay-opacity":"","overlay-gradient":""},"tablet":{"background-color":"","background-image":"","background-repeat":"repeat","background-position":"center center","background-size":"auto","background-attachment":"scroll","background-type":"","background-media":"","overlay-type":"","overlay-color":"","overlay-opacity":"","overlay-gradient":""},"mobile":{"background-color":"","background-image":"","background-repeat":"repeat","background-position":"center center","background-size":"auto","background-attachment":"scroll","background-type":"","background-media":"","overlay-type":"","overlay-color":"","overlay-opacity":"","overlay-gradient":""}},"ast-content-background-meta":{"desktop":{"background-color":"var(--ast-global-color-5)","background-image":"","background-repeat":"repeat","background-position":"center center","background-size":"auto","background-attachment":"scroll","background-type":"","background-media":"","overlay-type":"","overlay-color":"","overlay-opacity":"","overlay-gradient":""},"tablet":{"background-color":"var(--ast-global-color-5)","background-image":"","background-repeat":"repeat","background-position":"center center","background-size":"auto","background-attachment":"scroll","background-type":"","background-media":"","overlay-type":"","overlay-color":"","overlay-opacity":"","overlay-gradient":""},"mobile":{"background-color":"var(--ast-global-color-5)","background-image":"","background-repeat":"repeat","background-position":"center center","background-size":"auto","background-attachment":"scroll","background-type":"","background-media":"","overlay-type":"","overlay-color":"","overlay-opacity":"","overlay-gradient":""}},"footnotes":""},"class_list":["post-43","page","type-page","status-publish","hentry"],"builder_content":"<h1 style=\"text-align: center;\"><br \/>Santa Caterina Valfurva<\/h1>\n<img src=\"https:\/\/skiferien-felsberg.de\/wp-content\/uploads\/2018\/02\/IMG_5188.jpg\" title=\"IMG_5188\" alt=\"IMG_5188\" srcset=\"https:\/\/skiferien-felsberg.de\/wp-content\/uploads\/2018\/02\/IMG_5188.jpg 2816w, https:\/\/skiferien-felsberg.de\/wp-content\/uploads\/2018\/02\/IMG_5188-300x225.jpg 300w, https:\/\/skiferien-felsberg.de\/wp-content\/uploads\/2018\/02\/IMG_5188-768x576.jpg 768w, https:\/\/skiferien-felsberg.de\/wp-content\/uploads\/2018\/02\/IMG_5188-1024x768.jpg 1024w, https:\/\/skiferien-felsberg.de\/wp-content\/uploads\/2018\/02\/IMG_5188-750x563.jpg 750w\" sizes=\"(max-width: 2816px) 100vw, 2816px\" \/>\n<p>Der idyllische Ort liegt auf der italienischen Alpens\u00fcdseite in der Provinz Sondrio\/ Lombardei. Die besonderen Wetterbedingungen und ein modernes Beschneiungssystem sorgen f\u00fcr <strong>Schneesicherheit<\/strong> von Ende November bis sp\u00e4t in den April.<\/p> <p>Das Skigebiet verf\u00fcgt \u00fcber eine <strong>Weltcup-Abfahrt<\/strong>, die an einigen Tagen sogar nachts bei Flutlicht befahren werden kann.<\/p> <p>Der n\u00e4chst gr\u00f6\u00dfere Ort Bormio, mit seiner typisch italienischen Altstadt ist kostenlos mit dem <strong>Skibus<\/strong> zu erreichen. Neben diversen gem\u00fctlichen Caf\u00e9s und vielf\u00e4ltigen Gesch\u00e4ften besteht die M\u00f6glichkeit mit unserem Skipass mal ein anderes Skigebiet zu erkunden.<\/p>\n<p><\/p>","_links":{"self":[{"href":"https:\/\/skiferien-felsberg.de\/en\/wp-json\/wp\/v2\/pages\/43","targetHints":{"allow":["GET"]}}],"collection":[{"href":"https:\/\/skiferien-felsberg.de\/en\/wp-json\/wp\/v2\/pages"}],"about":[{"href":"https:\/\/skiferien-felsberg.de\/en\/wp-json\/wp\/v2\/types\/page"}],"author":[{"embeddable":true,"href":"https:\/\/skiferien-felsberg.de\/en\/wp-json\/wp\/v2\/users\/1"}],"replies":[{"embeddable":true,"href":"https:\/\/skiferien-felsberg.de\/en\/wp-json\/wp\/v2\/comments?post=43"}],"version-history":[{"count":27,"href":"https:\/\/skiferien-felsberg.de\/en\/wp-json\/wp\/v2\/pages\/43\/revisions"}],"predecessor-version":[{"id":1845,"href":"https:\/\/skiferien-felsberg.de\/en\/wp-json\/wp\/v2\/pages\/43\/revisions\/1845"}],"wp:attachment":[{"href":"https:\/\/skiferien-felsberg.de\/en\/wp-json\/wp\/v2\/media?parent=43"}],"curies":[{"name":"wp","href":"https:\/\/api.w.org\/{rel}","templated":true}]}}