{"id":900,"date":"2020-03-14T15:28:06","date_gmt":"2020-03-14T15:28:06","guid":{"rendered":"https:\/\/skiferien-felsberg.de\/?page_id=900"},"modified":"2023-10-27T16:54:40","modified_gmt":"2023-10-27T14:54:40","slug":"ski-reise","status":"publish","type":"page","link":"https:\/\/skiferien-felsberg.de\/en\/ski-reise\/","title":{"rendered":"Ski Trip"},"content":{"rendered":"<!--themify_builder_content-->\n<div id=\"themify_builder_content-900\" data-postid=\"900\" class=\"themify_builder_content themify_builder_content-900 themify_builder tf_clear\">\n                    <div  data-lazy=\"1\" class=\"module_row themify_builder_row tb_yw8b536 tb_first tf_w\">\n                        <div class=\"row_inner col_align_top tb_col_count_2 tf_box tf_rel\">\n                        <div  data-lazy=\"1\" class=\"module_column tb-column col3-1 tb_y50f536 first\">\n                    <!-- module text -->\n<div  class=\"module module-text tb_7qyn79\" data-lazy=\"1\">\n        <div  class=\"tb_text_wrap\">\n        <h1 style=\"text-align: center;\"><br \/>Ski Trip<\/h1>    <\/div>\n<\/div>\n<!-- \/module text -->        <\/div>\n                    <div  data-lazy=\"1\" class=\"module_column tb-column col3-2 tb_hwbt537 last\">\n                    <!-- module text -->\n<div  class=\"module module-text tb_q6qh537\" data-lazy=\"1\">\n        <div  class=\"tb_text_wrap\">\n            <\/div>\n<\/div>\n<!-- \/module text -->        <\/div>\n                        <\/div>\n        <\/div>\n                        <div  data-lazy=\"1\" class=\"module_row themify_builder_row tb_9pcu604 tf_w\">\n                        <div class=\"row_inner col_align_top tb_col_count_2 tf_box tf_rel\">\n                        <div  data-lazy=\"1\" class=\"module_column tb-column col3-1 tb_neuy605 first\">\n                    <!-- module feature -->\n<div  class=\"module module-feature tb_u02f697 no-chart layout-icon-top size-small\" data-layout-mobile=\"icon-top\" data-layout-desktop=\"icon-top\" data-lazy=\"1\">\n        <div class=\"module-feature-image tf_textc tf_rel\">\n                            <span class=\"module-feature-chart-html5 tf_box tf_rel tf_inline_b\">\n                                <span class=\"chart-html5-circle tf_w tf_h\">\n                                            <em class=\"module-feature-icon tf_rel\"><svg  class=\"tf_fa tf-fas-plane\" xmlns:xlink=\"http:\/\/www.w3.org\/1999\/xlink\" aria-hidden=\"true\"><use href=\"#tf-fas-plane\" xlink:href=\"#tf-fas-plane\"><\/use><\/svg><\/em>\n                                    <\/span>\n\n                \n            <\/span>\n                <\/div>\n    <div class=\"module-feature-content tf_textc\">\n                <div class=\"tb_text_wrap\">\n            <\/p>\n        <\/div>\n    <\/div>\n<\/div>\n<!-- \/module feature -->\n<!-- module feature -->\n<div  class=\"module module-feature tb_hqsl314 no-chart layout-icon-top size-small\" data-layout-mobile=\"icon-top\" data-layout-desktop=\"icon-top\" data-lazy=\"1\">\n        <div class=\"module-feature-image tf_textc tf_rel\">\n                            <span class=\"module-feature-chart-html5 tf_box tf_rel tf_inline_b\">\n                                <span class=\"chart-html5-circle tf_w tf_h\">\n                                            <em class=\"module-feature-icon tf_rel\"><svg  class=\"tf_fa tf-fas-hotel\" xmlns:xlink=\"http:\/\/www.w3.org\/1999\/xlink\" aria-hidden=\"true\"><use href=\"#tf-fas-hotel\" xlink:href=\"#tf-fas-hotel\"><\/use><\/svg><\/em>\n                                    <\/span>\n\n                \n            <\/span>\n                <\/div>\n    <div class=\"module-feature-content tf_textc\">\n                <div class=\"tb_text_wrap\">\n            <\/p>\n        <\/div>\n    <\/div>\n<\/div>\n<!-- \/module feature -->\n<!-- module feature -->\n<div  class=\"module module-feature tb_e3wk876 no-chart layout-icon-top size-small\" data-layout-mobile=\"icon-top\" data-layout-desktop=\"icon-top\" data-lazy=\"1\">\n        <div class=\"module-feature-image tf_textc tf_rel\">\n                            <span class=\"module-feature-chart-html5 tf_box tf_rel tf_inline_b\">\n                                <span class=\"chart-html5-circle tf_w tf_h\">\n                                            <em class=\"module-feature-icon tf_rel\"><svg  class=\"tf_fa tf-far-snowflake\" xmlns:xlink=\"http:\/\/www.w3.org\/1999\/xlink\" aria-hidden=\"true\"><use href=\"#tf-far-snowflake\" xlink:href=\"#tf-far-snowflake\"><\/use><\/svg><\/em>\n                                    <\/span>\n\n                \n            <\/span>\n                <\/div>\n    <div class=\"module-feature-content tf_textc\">\n                <div class=\"tb_text_wrap\">\n            <\/p>\n        <\/div>\n    <\/div>\n<\/div>\n<!-- \/module feature -->\n<!-- module feature -->\n<div  class=\"module module-feature tb_fkjm494 no-chart layout-icon-top size-small\" data-layout-mobile=\"icon-top\" data-layout-desktop=\"icon-top\" data-lazy=\"1\">\n        <div class=\"module-feature-image tf_textc tf_rel\">\n                            <span class=\"module-feature-chart-html5 tf_box tf_rel tf_inline_b\">\n                                <span class=\"chart-html5-circle tf_w tf_h\">\n                                            <em class=\"module-feature-icon tf_rel\"><svg  class=\"tf_fa tf-fas-skiing\" xmlns:xlink=\"http:\/\/www.w3.org\/1999\/xlink\" aria-hidden=\"true\"><use href=\"#tf-fas-skiing\" xlink:href=\"#tf-fas-skiing\"><\/use><\/svg><\/em>\n                                    <\/span>\n\n                \n            <\/span>\n                <\/div>\n    <div class=\"module-feature-content tf_textc\">\n                <div class=\"tb_text_wrap\">\n            <\/p>\n        <\/div>\n    <\/div>\n<\/div>\n<!-- \/module feature -->\n        <\/div>\n                    <div  data-lazy=\"1\" class=\"module_column tb-column col3-2 tb_spxs43 last\">\n                    <!-- module text -->\n<div  class=\"module module-text tb_550o805\" data-lazy=\"1\">\n        <div  class=\"tb_text_wrap\">\n        <h2>Arrival \/ Departure\u00a0<\/h2>\n<p>We are happy to support you in planning a private arrival \/ departure!<br \/>On request, WE organize the flight for you, as well as transfer by bus to the hotel. *<\/p>    <\/div>\n<\/div>\n<!-- \/module text --><!-- module text -->\n<div  class=\"module module-text tb_3hbe536\" data-lazy=\"1\">\n        <div  class=\"tb_text_wrap\">\n        <h2>Accommodation<\/h2>\n<p>The <strong><a href=\"https:\/\/skiferien-felsberg.de\/en\/hotel\/\">.Park Hotel<\/a>.<\/strong> awaits you on site. It is located in the center of town and is only about 100 m from the ski rental and 4 minutes away with the free ski bus. This bus stops regularly directly in front of the hotel.<\/p>    <\/div>\n<\/div>\n<!-- \/module text --><!-- module text -->\n<div  class=\"module module-text tb_aswg32\" data-lazy=\"1\">\n        <div  class=\"tb_text_wrap\">\n        <h2>Ski rental<\/h2>\n<p>Skis, poles, ski boots, helmets, snowboard, snowboard boots as well as cross-country skiing equipment can be rented at a reasonable price.\u00a0<\/p>\n<p>You can of course bring your own equipment and have it professionally adjusted and prepared for a small fee.<\/p>    <\/div>\n<\/div>\n<!-- \/module text --><!-- module text -->\n<div  class=\"module module-text tb_6gqv44\" data-lazy=\"1\">\n        <div  class=\"tb_text_wrap\">\n        <h2>Ski lessons<\/h2>\n<p>For each participant we offer an age- and performance-appropriate training group in the mornings and afternoons.<\/p>\n<p>In this way we guarantee fun on the slopes for children (from three years), teenagers, adults as well as seniors (OpenEnd \ud83d\ude09 ), whether beginner or expert.<\/p>\n<div class=\"entry-content\">\n<p>\u00a0<\/p>\n<\/div>    <\/div>\n<\/div>\n<!-- \/module text -->        <\/div>\n                        <\/div>\n        <\/div>\n                        <div  data-lazy=\"1\" class=\"module_row themify_builder_row tb_2wid25 tf_w\">\n                        <div class=\"row_inner col_align_top tb_col_count_1 tf_box tf_rel\">\n                        <div  data-lazy=\"1\" class=\"module_column tb-column col-full tb_vqjp25 first\">\n                    <!-- module text -->\n<div  class=\"module module-text tb_5goj446\" data-lazy=\"1\">\n        <div  class=\"tb_text_wrap\">\n        <p>\u00a0<\/p>\n<hr \/>\n<p style=\"text-align: right;\">\u00a0* 10 people or more, depending on airfares<\/p>\n<div class=\"entry-content\">\n<p>\u00a0<\/p>\n<\/div>    <\/div>\n<\/div>\n<!-- \/module text -->        <\/div>\n                        <\/div>\n        <\/div>\n        <\/div>\n<!--\/themify_builder_content-->","protected":false},"excerpt":{"rendered":"<p>Ski Trip<\/p>","protected":false},"author":1,"featured_media":0,"parent":0,"menu_order":0,"comment_status":"closed","ping_status":"closed","template":"","meta":{"site-sidebar-layout":"default","site-content-layout":"","ast-site-content-layout":"default","site-content-style":"default","site-sidebar-style":"default","ast-global-header-display":"","ast-banner-title-visibility":"","ast-main-header-display":"","ast-hfb-above-header-display":"","ast-hfb-below-header-display":"","ast-hfb-mobile-header-display":"","site-post-title":"disabled","ast-breadcrumbs-content":"","ast-featured-img":"","footer-sml-layout":"","ast-disable-related-posts":"","theme-transparent-header-meta":"","adv-header-id-meta":"","stick-header-meta":"","header-above-stick-meta":"","header-main-stick-meta":"","header-below-stick-meta":"","astra-migrate-meta-layouts":"set","ast-page-background-enabled":"default","ast-page-background-meta":{"desktop":{"background-color":"var(--ast-global-color-4)","background-image":"","background-repeat":"repeat","background-position":"center center","background-size":"auto","background-attachment":"scroll","background-type":"","background-media":"","overlay-type":"","overlay-color":"","overlay-opacity":"","overlay-gradient":""},"tablet":{"background-color":"","background-image":"","background-repeat":"repeat","background-position":"center center","background-size":"auto","background-attachment":"scroll","background-type":"","background-media":"","overlay-type":"","overlay-color":"","overlay-opacity":"","overlay-gradient":""},"mobile":{"background-color":"","background-image":"","background-repeat":"repeat","background-position":"center center","background-size":"auto","background-attachment":"scroll","background-type":"","background-media":"","overlay-type":"","overlay-color":"","overlay-opacity":"","overlay-gradient":""}},"ast-content-background-meta":{"desktop":{"background-color":"var(--ast-global-color-5)","background-image":"","background-repeat":"repeat","background-position":"center center","background-size":"auto","background-attachment":"scroll","background-type":"","background-media":"","overlay-type":"","overlay-color":"","overlay-opacity":"","overlay-gradient":""},"tablet":{"background-color":"var(--ast-global-color-5)","background-image":"","background-repeat":"repeat","background-position":"center center","background-size":"auto","background-attachment":"scroll","background-type":"","background-media":"","overlay-type":"","overlay-color":"","overlay-opacity":"","overlay-gradient":""},"mobile":{"background-color":"var(--ast-global-color-5)","background-image":"","background-repeat":"repeat","background-position":"center center","background-size":"auto","background-attachment":"scroll","background-type":"","background-media":"","overlay-type":"","overlay-color":"","overlay-opacity":"","overlay-gradient":""}},"footnotes":""},"class_list":["post-900","page","type-page","status-publish","hentry"],"builder_content":"<h1 style=\"text-align: center;\"><br \/>Ski-Reise<\/h1>\n\n<em><svg xmlns:xlink=\"http:\/\/www.w3.org\/1999\/xlink\" aria-hidden=\"true\"><use href=\"#tf-fas-plane\" xlink:href=\"#tf-fas-plane\"><\/use><\/svg><\/em> \n <\/p>\n<em><svg xmlns:xlink=\"http:\/\/www.w3.org\/1999\/xlink\" aria-hidden=\"true\"><use href=\"#tf-fas-hotel\" xlink:href=\"#tf-fas-hotel\"><\/use><\/svg><\/em> \n <\/p>\n<em><svg xmlns:xlink=\"http:\/\/www.w3.org\/1999\/xlink\" aria-hidden=\"true\"><use href=\"#tf-far-snowflake\" xlink:href=\"#tf-far-snowflake\"><\/use><\/svg><\/em> \n <\/p>\n<em><svg xmlns:xlink=\"http:\/\/www.w3.org\/1999\/xlink\" aria-hidden=\"true\"><use href=\"#tf-fas-skiing\" xlink:href=\"#tf-fas-skiing\"><\/use><\/svg><\/em> \n <\/p>\n<h2>An-\/ Abreise\u00a0<\/h2> <p>Gerne unterst\u00fctzen wir euch, bei der Planung einer privaten An-\/ Abreise!<br \/>Auf Wunsch organisieren WIR f\u00fcr euch den Flug, sowie Transfer mit dem Bus zum Hotel. \u00a0*<\/p>\n<h2>Unterkunft<\/h2> <p>Vor Ort erwartet euch das <strong><a href=\"https:\/\/skiferien-felsberg.de\/hotel\/\">Park Hotel<\/a>.<\/strong> Es liegt mitten im Ort und ist nur ca. 100 m vom Skiverleih und 4 Minuten mit dem kostenlosen Ski-Bus entfernt. Dieser h\u00e4lt regelm\u00e4\u00dfig direkt vor dem Hotel.<\/p>\n<h2>Skiverleih<\/h2> <p>Ski, St\u00f6cke, Skischuhe, Helme, Snowboard, Snowboardschuhe sowie Langlaufausr\u00fcstung k\u00f6nnen kosteng\u00fcnstig geliehen werden.\u00a0<\/p> <p>Eigenes Material kann selbstverst\u00e4ndlich mitgebracht und bei Bedarf gegen eine geringe Geb\u00fchr fachgerecht angepasst und pr\u00e4pariert werden.<\/p>\n<h2>Skiunterricht<\/h2> <p>F\u00fcr jeden Teilnehmer bieten wir vor- und nachmittags eine altersgerechte und leistungsangepasste Schulungsgruppe.<\/p> <p>Auf diese Weise garantieren wir Kindern (ab drei Jahren), Jugendlichen, Erwachsenen sowie Senioren (OpenEnd ;-) ) Spa\u00df auf der Piste, egal ob Anf\u00e4nger oder K\u00f6nner.<\/p>\n<p>\u00a0<\/p>\n<p>\u00a0<\/p> <hr \/> <p style=\"text-align: right;\">\u00a0* ab 10 Personen, je nach Preisentwicklung der Fl\u00fcge<\/p>\n<p>\u00a0<\/p>","_links":{"self":[{"href":"https:\/\/skiferien-felsberg.de\/en\/wp-json\/wp\/v2\/pages\/900","targetHints":{"allow":["GET"]}}],"collection":[{"href":"https:\/\/skiferien-felsberg.de\/en\/wp-json\/wp\/v2\/pages"}],"about":[{"href":"https:\/\/skiferien-felsberg.de\/en\/wp-json\/wp\/v2\/types\/page"}],"author":[{"embeddable":true,"href":"https:\/\/skiferien-felsberg.de\/en\/wp-json\/wp\/v2\/users\/1"}],"replies":[{"embeddable":true,"href":"https:\/\/skiferien-felsberg.de\/en\/wp-json\/wp\/v2\/comments?post=900"}],"version-history":[{"count":43,"href":"https:\/\/skiferien-felsberg.de\/en\/wp-json\/wp\/v2\/pages\/900\/revisions"}],"predecessor-version":[{"id":1989,"href":"https:\/\/skiferien-felsberg.de\/en\/wp-json\/wp\/v2\/pages\/900\/revisions\/1989"}],"wp:attachment":[{"href":"https:\/\/skiferien-felsberg.de\/en\/wp-json\/wp\/v2\/media?parent=900"}],"curies":[{"name":"wp","href":"https:\/\/api.w.org\/{rel}","templated":true}]}}